{"id":2253,"date":"2021-10-11T18:02:52","date_gmt":"2021-10-11T18:02:52","guid":{"rendered":"https:\/\/tagpromo.agency\/terms\/"},"modified":"2024-10-13T07:26:22","modified_gmt":"2024-10-13T07:26:22","slug":"termeni","status":"publish","type":"page","link":"https:\/\/tagpromo.agency\/ro\/termeni\/","title":{"rendered":"Termeni \u0219i Condi\u021bii"},"content":{"rendered":"\t\t<div data-elementor-type=\"wp-page\" data-elementor-id=\"2253\" class=\"elementor elementor-2253 elementor-1819\">\n\t\t\t\t\t\t<div class=\"elementor-inner\">\n\t\t\t\t<div class=\"elementor-section-wrap\">\n\t\t\t\t\t\t\t\t\t<section class=\"elementor-section elementor-top-section elementor-element elementor-element-2d6ae22 elementor-section-boxed elementor-section-height-default elementor-section-height-default\" data-id=\"2d6ae22\" data-element_type=\"section\" data-settings=\"{&quot;background_background&quot;:&quot;classic&quot;}\">\n\t\t\t\t\t\t<div class=\"elementor-container elementor-column-gap-default\">\n\t\t\t\t\t\t\t<div class=\"elementor-row\">\n\t\t\t\t\t<div class=\"elementor-column elementor-col-100 elementor-top-column elementor-element elementor-element-2489f3a9\" data-id=\"2489f3a9\" data-element_type=\"column\">\n\t\t\t<div class=\"elementor-column-wrap elementor-element-populated\">\n\t\t\t\t\t\t\t<div class=\"elementor-widget-wrap\">\n\t\t\t\t\t\t<div class=\"elementor-element elementor-element-65c49457 elementor-widget elementor-widget-text-editor\" data-id=\"65c49457\" data-element_type=\"widget\" data-widget_type=\"text-editor.default\">\n\t\t\t\t<div class=\"elementor-widget-container\">\n\t\t\t<style>\/*! elementor - v3.8.0 - 30-10-2022 *\/\n.elementor-widget-text-editor.elementor-drop-cap-view-stacked .elementor-drop-cap{background-color:#818a91;color:#fff}.elementor-widget-text-editor.elementor-drop-cap-view-framed .elementor-drop-cap{color:#818a91;border:3px solid;background-color:transparent}.elementor-widget-text-editor:not(.elementor-drop-cap-view-default) .elementor-drop-cap{margin-top:8px}.elementor-widget-text-editor:not(.elementor-drop-cap-view-default) .elementor-drop-cap-letter{width:1em;height:1em}.elementor-widget-text-editor .elementor-drop-cap{float:left;text-align:center;line-height:1;font-size:50px}.elementor-widget-text-editor .elementor-drop-cap-letter{display:inline-block}<\/style>\t\t\t\t\t<div class=\"elementor-text-editor elementor-clearfix\">\n\t\t\t\t<p class=\"p1\"><b>Ultima actualizare: 8 octombrie 2021<\/b><b><\/b><\/p>\n<p class=\"p3\">V\u0103 rug\u0103m s\u0103 citi\u021bi cu aten\u021bie ace\u0219ti termeni \u0219i condi\u021bii \u00eenainte de a utiliza Serviciul nostru.<\/p>\n<h3 class=\"p1\"><span style=\"color: #ffffff;\"><b>Interpretare \u0219i Defini\u021bii<\/b><\/span><b><\/b><\/h3>\n<h5 class=\"p4\"><span style=\"color: #ffffff;\"><b>Interpretare<\/b><\/span><b><\/b><\/h5>\n<p class=\"p3\">Cuvintele al c\u0103ror ini\u021bial este scris cu majuscul\u0103 au semnifica\u021bii definite \u00een condi\u021biile urm\u0103toare. Defini\u021biile urm\u0103toare vor avea aceea\u0219i semnifica\u021bie, indiferent dac\u0103 apar la singular sau plural.<\/p>\n<h5 class=\"p4\"><span style=\"color: #ffffff;\"><b>Defini\u021bii<\/b><\/span><b><\/b><\/h5>\n<p class=\"p3\">\u00cen scopul acestor Termeni \u0219i Condi\u021bii:<\/p>\n<ul>\n<li class=\"p5\"><b>Afiliat<\/b> \u00eenseamn\u0103 o entitate care controleaz\u0103, este controlat\u0103 de sau se afl\u0103 sub control comun cu o parte, unde \u201econtrolul\u201d \u00eenseamn\u0103 de\u021binerea a 50% sau mai mult din ac\u021biuni, interese de capital sau alte titluri de valoare care dau dreptul de vot pentru alegerea directorilor sau a altor autorit\u0103\u021bi de conducere.<\/li>\n<li class=\"p5\"><b>\u021aara<\/b> se refer\u0103 la: Rom\u00e2nia.<\/li>\n<li class=\"p5\"><b>Compania<\/b> (denumit\u0103 fie \u201eCompania\u201d, \u201eNoi\u201d sau \u201eAl nostru\u201d \u00een acest Acord) se refer\u0103 la TRADE ACTIVATION GROUP SRL, Dudu, Chiajna, Strada Rezervelor 69A, Etajul 7, Unitatea nr. 69, Ilfov, Rom\u00e2nia.<\/li>\n<li class=\"p5\"><b>Dispozitiv<\/b> \u00eenseamn\u0103 orice dispozitiv care poate accesa Serviciul, cum ar fi un computer, un telefon mobil sau o tablet\u0103 digital\u0103.<\/li>\n<li class=\"p5\"><b>Serviciul<\/b> se refer\u0103 la Website.<\/li>\n<li class=\"p5\"><b>Termeni \u0219i Condi\u021bii<\/b> (denumi\u021bi \u0219i \u201eTermeni\u201d) \u00eenseamn\u0103 ace\u0219ti Termeni \u0219i Condi\u021bii care formeaz\u0103 \u00eentregul acord \u00eentre dvs. \u0219i Companie \u00een ceea ce prive\u0219te utilizarea Serviciului.<\/li>\n<li class=\"p5\"><b>Serviciu de Social Media al Ter\u021bilor<\/b> \u00eenseamn\u0103 orice servicii sau con\u021binut (inclusiv date, informa\u021bii, produse sau servicii) furnizate de o ter\u021b\u0103 parte care pot fi afi\u0219ate, incluse sau puse la dispozi\u021bie de Serviciu.<\/li>\n<li class=\"p5\"><b>Website<\/b> se refer\u0103 la TAGPROMO, accesibil de la <b>www.tagpromo.agency<\/b>.<\/li>\n<li class=\"p5\"><b>Dvs.<\/b> \u00eenseamn\u0103 persoana fizic\u0103 care acceseaz\u0103 sau utilizeaz\u0103 Serviciul, sau compania, sau alt\u0103 entitate juridic\u0103 \u00een numele c\u0103reia persoana respectiv\u0103 acceseaz\u0103 sau utilizeaz\u0103 Serviciul, dup\u0103 caz.<\/li>\n<\/ul>\n<h3 class=\"p1\"><span style=\"color: #ffffff;\"><b>Confirmare<\/b><\/span><b><\/b><\/h3>\n<p class=\"p3\">Ace\u0219tia sunt Termenii \u0219i Condi\u021biile care guverneaz\u0103 utilizarea acestui Serviciu \u0219i acordul care func\u021bioneaz\u0103 \u00eentre dvs. \u0219i Companie. Ace\u0219ti Termeni \u0219i Condi\u021bii stabilesc drepturile \u0219i obliga\u021biile tuturor utilizatorilor \u00een leg\u0103tur\u0103 cu utilizarea Serviciului.<\/p>\n<p class=\"p3\">Accesul dvs. la \u0219i utilizarea Serviciului sunt condi\u021bionate de acceptarea \u0219i respectarea acestor Termeni \u0219i Condi\u021bii. Ace\u0219ti Termeni \u0219i Condi\u021bii se aplic\u0103 tuturor vizitatorilor, utilizatorilor \u0219i altor persoane care acceseaz\u0103 sau utilizeaz\u0103 Serviciul.<\/p>\n<p class=\"p3\">Prin accesarea sau utilizarea Serviciului, sunte\u021bi de acord s\u0103 respecta\u021bi ace\u0219ti Termeni \u0219i Condi\u021bii. Dac\u0103 nu sunte\u021bi de acord cu vreo parte din ace\u0219ti Termeni \u0219i Condi\u021bii, nu pute\u021bi accesa Serviciul.<\/p>\n<p class=\"p3\">Declara\u021bi c\u0103 ave\u021bi v\u00e2rsta de peste 18 ani. Compania nu permite persoanelor sub 18 ani s\u0103 utilizeze Serviciul.<\/p>\n<p class=\"p3\">Accesul \u0219i utilizarea Serviciului sunt, de asemenea, condi\u021bionate de acceptarea \u0219i respectarea Politicii de Confiden\u021bialitate a Companiei. Politica noastr\u0103 de Confiden\u021bialitate descrie politicile \u0219i procedurile noastre privind colectarea, utilizarea \u0219i divulgarea informa\u021biilor dvs. personale atunci c\u00e2nd utiliza\u021bi Aplica\u021bia sau Website-ul \u0219i v\u0103 informeaz\u0103 despre drepturile dvs. de confiden\u021bialitate \u0219i despre cum v\u0103 protejeaz\u0103 legea. V\u0103 rug\u0103m s\u0103 citi\u021bi cu aten\u021bie Politica noastr\u0103 de Confiden\u021bialitate \u00eenainte de a utiliza Serviciul nostru.<\/p>\n<h3 class=\"p1\"><span style=\"color: #ffffff;\"><b>Linkuri c\u0103tre alte website-uri<\/b><\/span><b><\/b><\/h3>\n<p class=\"p3\">Serviciul nostru poate con\u021bine linkuri c\u0103tre website-uri sau servicii ale ter\u021bilor care nu sunt de\u021binute sau controlate de Companie.<\/p>\n<p class=\"p3\">Compania nu are control asupra \u0219i nu \u00ee\u0219i asum\u0103 nicio responsabilitate pentru con\u021binutul, politicile de confiden\u021bialitate sau practicile oric\u0103ror website-uri sau servicii ale ter\u021bilor. Recunoa\u0219te\u021bi \u0219i sunte\u021bi de acord c\u0103 Compania nu va fi responsabil\u0103 sau r\u0103spunz\u0103toare, direct sau indirect, pentru orice daun\u0103 sau pierdere cauzat\u0103 sau presupus\u0103 a fi cauzat\u0103 de sau \u00een leg\u0103tur\u0103 cu utilizarea sau bazarea pe orice astfel de con\u021binut, bunuri sau servicii disponibile pe sau prin intermediul oric\u0103ror website-uri sau servicii ale ter\u021bilor.<\/p>\n<p class=\"p3\">V\u0103 recomand\u0103m cu t\u0103rie s\u0103 citi\u021bi termenii \u0219i condi\u021biile \u0219i politicile de confiden\u021bialitate ale oric\u0103ror website-uri sau servicii ale ter\u021bilor pe care le vizita\u021bi.<\/p>\n<h3 class=\"p1\"><span style=\"color: #ffffff;\"><b>\u00cencetare<\/b><\/span><b><\/b><\/h3>\n<p class=\"p3\">Putem \u00eenceta sau suspenda accesul dvs. imediat, f\u0103r\u0103 preaviz sau r\u0103spundere, din orice motiv, inclusiv, f\u0103r\u0103 limitare, dac\u0103 \u00eenc\u0103lca\u021bi ace\u0219ti Termeni \u0219i Condi\u021bii.<\/p>\n<p class=\"p3\">La \u00eencetare, dreptul dvs. de a utiliza Serviciul va \u00eenceta imediat.<\/p>\n<h3 class=\"p1\"><span style=\"color: #ffffff;\"><b>Limitarea R\u0103spunderii<\/b><\/span><b><\/b><\/h3>\n<p class=\"p3\">Indiferent de daunele pe care le-a\u021bi putea suferi, \u00eentreaga r\u0103spundere a Companiei \u0219i a oric\u0103ruia dintre furnizorii s\u0103i \u00een temeiul oric\u0103rei prevederi din ace\u0219ti Termeni \u0219i remediul dvs. exclusiv pentru toate cele de mai sus se va limita la suma efectiv pl\u0103tit\u0103 de dvs. prin intermediul Serviciului sau la 100 USD dac\u0103 nu a\u021bi achizi\u021bionat nimic prin intermediul Serviciului.<\/p>\n<p class=\"p3\">\u00cen m\u0103sura maxim\u0103 permis\u0103 de legea aplicabil\u0103, Compania sau furnizorii s\u0103i nu vor fi responsabili pentru nicio daun\u0103 special\u0103, incidental\u0103, indirect\u0103 sau consecvent\u0103 de orice fel (inclusiv, dar f\u0103r\u0103 a se limita la, pierderi de profit, pierderi de date sau alte informa\u021bii, \u00eentreruperea afacerii, r\u0103niri personale, pierderi de confiden\u021bialitate care apar din sau \u00een vreun fel legate de utilizarea sau incapacitatea de a utiliza Serviciul, software-ul sau hardware-ul ter\u021bilor utilizate \u00eempreun\u0103 cu Serviciul sau \u00een alt mod \u00een leg\u0103tur\u0103 cu orice prevedere din ace\u0219ti Termeni), chiar dac\u0103 Compania sau orice furnizor a fost informat despre posibilitatea unor astfel de daune \u0219i chiar dac\u0103 remediul nu \u00ee\u0219i \u00eendepline\u0219te scopul esen\u021bial.<\/p>\n<p class=\"p3\">Unele state nu permit excluderea garan\u021biilor implicite sau limitarea r\u0103spunderii pentru daune incidentale sau consecvente, ceea ce \u00eenseamn\u0103 c\u0103 unele dintre limit\u0103rile de mai sus s-ar putea s\u0103 nu se aplice. \u00cen aceste state, r\u0103spunderea fiec\u0103rei p\u0103r\u021bi va fi limitat\u0103 \u00een m\u0103sura maxim\u0103 permis\u0103 de lege.<\/p>\n<h3 class=\"p1\"><span style=\"color: #ffffff;\"><b>Declara\u021bia de exonerare de r\u0103spundere \u201eA\u0219a cum este\u201d \u0219i \u201ePe m\u0103sur\u0103 ce este disponibil\u201d<\/b><\/span><b><\/b><\/h3>\n<p class=\"p3\">Serviciul v\u0103 este furnizat \u201eA\u0218A CUM ESTE\u201d \u0219i \u201ePE M\u0102SUR\u0102 CE ESTE DISPONIBIL\u201d \u0219i cu toate defectele \u0219i deficien\u021bele, f\u0103r\u0103 niciun fel de garan\u021bie. \u00cen m\u0103sura maxim\u0103 permis\u0103 de legea aplicabil\u0103, Compania, \u00een nume propriu \u0219i \u00een numele afilia\u021bilor s\u0103i \u0219i al licen\u021biatorilor \u0219i furnizorilor s\u0103i, declin\u0103 \u00een mod expres orice garan\u021bie, fie explicit\u0103, implicit\u0103, statutar\u0103 sau de alt\u0103 natur\u0103, \u00een leg\u0103tur\u0103 cu Serviciul, inclusiv toate garan\u021biile implicite de vandabilitate, adecvare pentru un anumit scop, titlu \u0219i ne\u00eenc\u0103lcare, \u0219i garan\u021biile care pot ap\u0103rea din cursul tranzac\u021biilor, cursul performan\u021bei, uzan\u021bele sau practica comercial\u0103. F\u0103r\u0103 a limita cele de mai sus, Compania nu ofer\u0103 nicio garan\u021bie sau angajament \u0219i nu face nicio declara\u021bie de niciun fel c\u0103 Serviciul va \u00eendeplini cerin\u021bele dvs., va atinge rezultate inten\u021bionate, va fi compatibil sau va func\u021biona cu orice alt software, aplica\u021bii, sisteme sau servicii, va func\u021biona f\u0103r\u0103 \u00eentreruperi, va \u00eendeplini orice standard de performan\u021b\u0103 sau fiabilitate sau va fi lipsit de erori sau c\u0103 orice erori sau defecte vor fi corectate.<\/p>\n<p class=\"p3\">F\u0103r\u0103 a limita cele de mai sus, nici Compania, nici oricare dintre furnizorii companiei nu fac nicio declara\u021bie sau garan\u021bie de niciun fel, expres\u0103 sau implicit\u0103: (i) cu privire la operarea sau disponibilitatea Serviciului, sau la informa\u021biile, con\u021binutul \u0219i materialele sau produsele incluse \u00een acesta; (ii) c\u0103 Serviciul va fi ne\u00eentrerupt sau lipsit de erori; (iii) cu privire la exactitatea, fiabilitatea sau actualitatea oric\u0103rei informa\u021bii sau con\u021binut furnizat prin intermediul Serviciului; sau (iv) c\u0103 Serviciul, serverele sale, con\u021binutul sau e-mailurile trimise de la sau \u00een numele Companiei sunt lipsite de viru\u0219i, scripturi, cai troieni, viermi, programe malware, bombe cu ceas sau alte componente d\u0103un\u0103toare.<\/p>\n<p class=\"p3\">Unele jurisdic\u021bii nu permit excluderea anumitor tipuri de garan\u021bii sau limit\u0103ri ale drepturilor legale aplicabile unui consumator, astfel \u00eenc\u00e2t unele sau toate excluderile \u0219i limit\u0103rile de mai sus s-ar putea s\u0103 nu se aplice. Dar, \u00een acest caz, excluderile \u0219i limit\u0103rile stabilite \u00een aceast\u0103 sec\u021biune se vor aplica \u00een cea mai mare m\u0103sur\u0103 permis\u0103 de legea aplicabil\u0103.<\/p>\n<h3 class=\"p1\"><span style=\"color: #ffffff;\"><b>Legea aplicabil\u0103<\/b><\/span><b><\/b><\/h3>\n<p class=\"p3\">Legile din \u021aar\u0103, cu excep\u021bia regulilor sale de conflict de legi, vor guverna ace\u0219ti Termeni \u0219i utilizarea de c\u0103tre dvs. a Serviciului. Utilizarea de c\u0103tre dvs. a Aplica\u021biei poate fi, de asemenea, supus\u0103 altor legi locale, statale, na\u021bionale sau interna\u021bionale.<\/p>\n<h3 class=\"p1\"><span style=\"color: #ffffff;\"><b>Solu\u021bionarea disputelor<\/b><\/span><b><\/b><\/h3>\n<p class=\"p3\">Dac\u0103 ave\u021bi vreo preocupare sau disput\u0103 cu privire la Serviciu, sunte\u021bi de acord s\u0103 \u00eencerca\u021bi mai \u00eent\u00e2i s\u0103 rezolva\u021bi disputa \u00een mod informal, contact\u00e2nd Compania.<\/p>\n<h3 class=\"p1\"><span style=\"color: #ffffff;\"><b>Pentru Utilizatorii din Uniunea European\u0103 (UE)<\/b><\/span><b><\/b><\/h3>\n<p class=\"p3\">Dac\u0103 sunte\u021bi un consumator din Uniunea European\u0103, ve\u021bi beneficia de orice prevederi obligatorii ale legisla\u021biei din \u021bara \u00een care ave\u021bi re\u0219edin\u021ba.<\/p>\n<h3 class=\"p1\"><span style=\"color: #ffffff;\"><b>Conformitatea cu Legisla\u021bia Statelor Unite<\/b><\/span><b><\/b><\/h3>\n<p class=\"p3\">Declara\u021bi \u0219i garanta\u021bi c\u0103 (i) nu v\u0103 afla\u021bi \u00eentr-o \u021bar\u0103 care face obiectul unui embargo impus de guvernul Statelor Unite sau care a fost desemnat\u0103 de guvernul Statelor Unite ca \u021bar\u0103 \u201esus\u021bin\u0103toare a terorismului\u201d \u0219i (ii) nu sunte\u021bi inclus pe nicio list\u0103 a guvernului Statelor Unite de p\u0103r\u021bi interzise sau restric\u021bionate.<\/p>\n<h3 class=\"p1\"><span style=\"color: #ffffff;\"><b>Divizibilitate \u0219i Renun\u021bare<\/b><\/span><b><\/b><\/h3>\n<h5 class=\"p4\"><span style=\"color: #ffffff;\"><b>Divizibilitate<\/b><\/span><b><\/b><\/h5>\n<p class=\"p3\">Dac\u0103 orice prevedere din ace\u0219ti Termeni este considerat\u0103 inaplicabil\u0103 sau invalid\u0103, o astfel de prevedere va fi modificat\u0103 \u0219i interpretat\u0103 pentru a \u00eendeplini obiectivele unei astfel de prevederi \u00een cea mai mare m\u0103sur\u0103 posibil\u0103 \u00een conformitate cu legisla\u021bia aplicabil\u0103, iar restul prevederilor vor continua s\u0103 fie \u00een vigoare \u0219i cu efect deplin.<\/p>\n<h5 class=\"p4\"><span style=\"color: #ffffff;\"><b>Renun\u021bare<\/b><\/span><b><\/b><\/h5>\n<p class=\"p3\">Cu excep\u021bia celor prev\u0103zute \u00een prezentul document, nerespectarea exercit\u0103rii unui drept sau solicitarea \u00eendeplinirii unei obliga\u021bii \u00een conformitate cu ace\u0219ti Termeni nu va afecta capacitatea unei p\u0103r\u021bi de a exercita acel drept sau de a solicita o astfel de \u00eendeplinire \u00een orice moment ulterior, \u0219i nici nu va fi considerat\u0103 o renun\u021bare la orice \u00eenc\u0103lcare ulterioar\u0103.<\/p>\n<h3 class=\"p1\"><span style=\"color: #ffffff;\"><b>Interpretarea Traducerii<\/b><\/span><b><\/b><\/h3>\n<p class=\"p3\">Ace\u0219ti Termeni \u0219i Condi\u021bii pot fi traduse dac\u0103 vi i-am pus la dispozi\u021bie pe Serviciul nostru. Sunte\u021bi de acord c\u0103 textul original \u00een limba englez\u0103 va prevala \u00een cazul unei dispute.<\/p>\n<h3 class=\"p1\"><span style=\"color: #ffffff;\"><b>Modific\u0103ri ale acestor Termeni \u0219i Condi\u021bii<\/b><\/span><b><\/b><\/h3>\n<p class=\"p3\">Ne rezerv\u0103m dreptul, la discre\u021bia noastr\u0103, de a modifica sau \u00eenlocui ace\u0219ti Termeni \u00een orice moment. Dac\u0103 o revizuire este semnificativ\u0103, vom face eforturi rezonabile pentru a furniza un preaviz de cel pu\u021bin 30 de zile \u00eenainte ca noii termeni s\u0103 intre \u00een vigoare. Ce constituie o modificare semnificativ\u0103 va fi stabilit la discre\u021bia noastr\u0103 exclusiv\u0103.<\/p>\n<p class=\"p3\">Continu\u00e2nd s\u0103 accesa\u021bi sau s\u0103 utiliza\u021bi Serviciul nostru dup\u0103 ce acele revizuiri devin efective, sunte\u021bi de acord s\u0103 respecta\u021bi termenii revizui\u021bi. Dac\u0103 nu sunte\u021bi de acord cu noii termeni, \u00een totalitate sau par\u021bial, v\u0103 rug\u0103m s\u0103 opri\u021bi utilizarea site-ului web \u0219i a Serviciului.<\/p>\n<h3 class=\"p1\"><span style=\"color: #ffffff;\"><b>Contacta\u021bi-ne<\/b><\/span><b><\/b><\/h3>\n<p class=\"p3\">Dac\u0103 ave\u021bi \u00eentreb\u0103ri despre ace\u0219ti Termeni \u0219i Condi\u021bii, ne pute\u021bi contacta:<\/p>\n<p class=\"p5\"><span class=\"Apple-tab-span\"> <\/span>\u2022<span class=\"Apple-tab-span\"> <\/span>Prin e-mail: <b>contact@tagpromo.agency<\/b><b><\/b><\/p>\t\t\t\t\t<\/div>\n\t\t\t\t\t\t<\/div>\n\t\t\t\t<\/div>\n\t\t\t\t\t\t<\/div>\n\t\t\t\t\t<\/div>\n\t\t<\/div>\n\t\t\t\t\t\t\t\t<\/div>\n\t\t\t\t\t<\/div>\n\t\t<\/section>\n\t\t\t\t\t\t\t\t\t<\/div>\n\t\t\t<\/div>\n\t\t\t\t\t<\/div>\n\t\t","protected":false},"excerpt":{"rendered":"<p>Ultima actualizare: 8 octombrie 2021 V\u0103 rug\u0103m s\u0103 citi\u021bi cu aten\u021bie ace\u0219ti termeni \u0219i condi\u021bii \u00eenainte de a utiliza Serviciul nostru. Interpretare \u0219i Defini\u021bii Interpretare Cuvintele al c\u0103ror ini\u021bial este scris cu majuscul\u0103 au semnifica\u021bii definite \u00een condi\u021biile urm\u0103toare. Defini\u021biile urm\u0103toare vor avea aceea\u0219i semnifica\u021bie, indiferent dac\u0103 apar la singular sau plural. Defini\u021bii \u00cen scopul [&hellip;]<\/p>\n","protected":false},"author":1,"featured_media":0,"parent":0,"menu_order":0,"comment_status":"closed","ping_status":"closed","template":"","meta":[],"_links":{"self":[{"href":"https:\/\/tagpromo.agency\/ro\/wp-json\/wp\/v2\/pages\/2253"}],"collection":[{"href":"https:\/\/tagpromo.agency\/ro\/wp-json\/wp\/v2\/pages"}],"about":[{"href":"https:\/\/tagpromo.agency\/ro\/wp-json\/wp\/v2\/types\/page"}],"author":[{"embeddable":true,"href":"https:\/\/tagpromo.agency\/ro\/wp-json\/wp\/v2\/users\/1"}],"replies":[{"embeddable":true,"href":"https:\/\/tagpromo.agency\/ro\/wp-json\/wp\/v2\/comments?post=2253"}],"version-history":[{"count":27,"href":"https:\/\/tagpromo.agency\/ro\/wp-json\/wp\/v2\/pages\/2253\/revisions"}],"predecessor-version":[{"id":3759,"href":"https:\/\/tagpromo.agency\/ro\/wp-json\/wp\/v2\/pages\/2253\/revisions\/3759"}],"wp:attachment":[{"href":"https:\/\/tagpromo.agency\/ro\/wp-json\/wp\/v2\/media?parent=2253"}],"curies":[{"name":"wp","href":"https:\/\/api.w.org\/{rel}","templated":true}]}}