{"id":2254,"date":"2021-10-11T06:25:37","date_gmt":"2021-10-11T06:25:37","guid":{"rendered":"https:\/\/tagpromo.agency\/privacy\/"},"modified":"2024-10-13T07:07:40","modified_gmt":"2024-10-13T07:07:40","slug":"confidentialitate","status":"publish","type":"page","link":"https:\/\/tagpromo.agency\/ro\/confidentialitate\/","title":{"rendered":"Politic\u0103 de Confiden\u021bialitate"},"content":{"rendered":"\t\t<div data-elementor-type=\"wp-page\" data-elementor-id=\"2254\" class=\"elementor elementor-2254 elementor-2\">\n\t\t\t\t\t\t<div class=\"elementor-inner\">\n\t\t\t\t<div class=\"elementor-section-wrap\">\n\t\t\t\t\t\t\t\t\t<section class=\"elementor-section elementor-top-section elementor-element elementor-element-2d6ae22 elementor-section-boxed elementor-section-height-default elementor-section-height-default\" data-id=\"2d6ae22\" data-element_type=\"section\" data-settings=\"{&quot;background_background&quot;:&quot;classic&quot;}\">\n\t\t\t\t\t\t<div class=\"elementor-container elementor-column-gap-default\">\n\t\t\t\t\t\t\t<div class=\"elementor-row\">\n\t\t\t\t\t<div class=\"elementor-column elementor-col-100 elementor-top-column elementor-element elementor-element-2489f3a9\" data-id=\"2489f3a9\" data-element_type=\"column\">\n\t\t\t<div class=\"elementor-column-wrap elementor-element-populated\">\n\t\t\t\t\t\t\t<div class=\"elementor-widget-wrap\">\n\t\t\t\t\t\t<div class=\"elementor-element elementor-element-65c49457 elementor-widget elementor-widget-text-editor\" data-id=\"65c49457\" data-element_type=\"widget\" data-widget_type=\"text-editor.default\">\n\t\t\t\t<div class=\"elementor-widget-container\">\n\t\t\t<style>\/*! elementor - v3.8.0 - 30-10-2022 *\/\n.elementor-widget-text-editor.elementor-drop-cap-view-stacked .elementor-drop-cap{background-color:#818a91;color:#fff}.elementor-widget-text-editor.elementor-drop-cap-view-framed .elementor-drop-cap{color:#818a91;border:3px solid;background-color:transparent}.elementor-widget-text-editor:not(.elementor-drop-cap-view-default) .elementor-drop-cap{margin-top:8px}.elementor-widget-text-editor:not(.elementor-drop-cap-view-default) .elementor-drop-cap-letter{width:1em;height:1em}.elementor-widget-text-editor .elementor-drop-cap{float:left;text-align:center;line-height:1;font-size:50px}.elementor-widget-text-editor .elementor-drop-cap-letter{display:inline-block}<\/style>\t\t\t\t\t<div class=\"elementor-text-editor elementor-clearfix\">\n\t\t\t\t<h3 class=\"p1\"><span style=\"color: #ffffff;\"><b>Introducere<\/b><\/span><b><\/b><\/h3>\n<p class=\"p3\">Aceast\u0103 notificare de confiden\u021bialitate explic\u0103 modul \u00een care <b>TAGPROMO<\/b> colecteaz\u0103 \u0219i utilizeaz\u0103 datele cu caracter personal \u0219i descrie drepturile pe care le ave\u021bi \u00een leg\u0103tur\u0103 cu datele dvs. personale.<\/p>\n<p class=\"p3\">\u00cen aceast\u0103 notificare, termenii \u201cTAGPROMO\u201d, \u201cal nostru\u201d, \u201cnoi\u201d sau \u201cpe noi\u201d se refer\u0103 la <b>TRADE ACTIVATION GROUP SRL<\/b>.<\/p>\n<p class=\"p3\"><b>TAGPROMO<\/b> proceseaz\u0103 date cu caracter personal \u00een diverse scopuri. Colect\u0103m aceste date personale direct de la dvs., de exemplu, dac\u0103 ne contacta\u021bi, dac\u0103 vizita\u021bi <b>www.tagpromo.agency<\/b> (Site-ul nostru), dac\u0103 ne furniza\u021bi detaliile dvs. de contact pentru a primi comunic\u0103ri de marketing din partea noastr\u0103, dac\u0103 ne furniza\u021bi date legate de evenimente pentru a participa la evenimentele <b>TAGPROMO<\/b> sau dac\u0103 depune\u021bi o cerere de angajare prin intermediul site-ului de cariere <b>TAGPROMO<\/b>.<\/p>\n<p class=\"p3\">Dac\u0103 ave\u021bi \u00eentreb\u0103ri referitoare la prelucrarea datelor dvs. personale sau dori\u021bi s\u0103 contacta\u021bi responsabilul cu protec\u021bia datelor de la <b>TAGPROMO<\/b>, v\u0103 rug\u0103m s\u0103 trimite\u021bi un e-mail la <b>dpo@tagpromo.agency<\/b> \u0219i v\u0103 vom direc\u021biona solicitarea c\u0103tre persoana sau echipa adecvat\u0103 din cadrul organiza\u021biei.<\/p>\n<h3 class=\"p1\"><span style=\"color: #ffffff;\"><b>Ce date sunt acoperite?<\/b><\/span><b><\/b><\/h3>\n<p class=\"p3\">\u00cen aceast\u0103 notificare de confiden\u021bialitate, \u201cdate cu caracter personal\u201d \u00eenseamn\u0103 orice informa\u021bie care se refer\u0103 la o persoan\u0103 care poate fi identificat\u0103 direct sau indirect, \u00een special prin referin\u021b\u0103 la un identificator, cum ar fi un nume, un num\u0103r de identificare, date de localizare sau un identificator online. Datele cu caracter personal se refer\u0103, de asemenea, la unul sau mai mul\u021bi factori specifici identit\u0103\u021bii fizice, fiziologice, genetice, mentale, economice, culturale sau sociale ale unei persoane.<\/p>\n<h3 class=\"p1\"><span style=\"color: #ffffff;\"><b>Drepturile dvs. \u00een leg\u0103tur\u0103 cu datele personale<\/b><\/span><b><\/b><\/h3>\n<p class=\"p3\">Ave\u021bi urm\u0103toarele drepturi \u00een leg\u0103tur\u0103 cu datele dvs. personale:<\/p>\n<ul>\n<li class=\"p4\">Dreptul de acces la datele cu caracter personal de\u021binute de <b>TAGPROMO<\/b> despre dvs.;<\/li>\n<li class=\"p4\">Dreptul de a corecta datele dvs. personale, de exemplu, dac\u0103 acestea sunt incomplete sau incorecte;<\/li>\n<li class=\"p4\">Dreptul de a v\u0103 retrage din comunic\u0103rile de marketing \u00een orice moment;<\/li>\n<li class=\"p4\">Dreptul de a restric\u021biona sau de a v\u0103 opune prelucr\u0103rii datelor personale sau de a solicita \u0219tergerea datelor personale (\u00een anumite circumstan\u021be \u0219i sub rezerva legisla\u021biei aplicabile);<\/li>\n<li class=\"p4\">Dreptul de a primi o copie a datelor personale pe care le-a\u021bi furnizat <b>TAGPROMO<\/b>, \u00eentr-un format structurat, utilizat \u00een mod obi\u0219nuit \u0219i care poate fi citit automat (cunoscute sub denumirea de \u201cportabilitatea datelor\u201d) (\u00een anumite circumstan\u021be \u0219i sub rezerva legisla\u021biei aplicabile);<\/li>\n<li class=\"p4\">Dreptul de a v\u0103 retrage consim\u021b\u0103m\u00e2ntul acolo unde a\u021bi furnizat datele personale \u00een mod voluntar sau a\u021bi consim\u021bit la utilizarea acestora;<\/li>\n<li class=\"p4\">Dreptul de a depune o pl\u00e2ngere la o autoritate de protec\u021bie a datelor (consulta\u021bi sec\u021biunea \u201cPl\u00e2ngeri\u201d).<\/li>\n<\/ul>\n<p class=\"p3\">Dac\u0103 ave\u021bi o \u00eentrebare sau dori\u021bi s\u0103 v\u0103 exercita\u021bi drepturile, v\u0103 rug\u0103m s\u0103 ne contacta\u021bi la <b>dpo@tagpromo.agency<\/b>.<\/p>\n<p class=\"p1\"><b>Scopurile pentru care prelucr\u0103m datele cu caracter personal<\/b><b><\/b><\/p>\n<p class=\"p3\"><b>TAGPROMO<\/b> colecteaz\u0103, \u00een general, doar informa\u021biile personale necesare pentru a \u00eendeplini cererea dvs. \u00cen cazul \u00een care sunt solicitate informa\u021bii suplimentare, op\u021bionale, ve\u021bi fi informat la momentul colect\u0103rii acestora. Legea ne permite s\u0103 prelucr\u0103m informa\u021bii personale at\u00e2ta timp c\u00e2t avem un temei legal pentru aceasta. De asemenea, ne oblig\u0103 s\u0103 v\u0103 inform\u0103m care sunt acele temeiuri. Astfel, atunci c\u00e2nd prelucr\u0103m informa\u021biile dvs. personale, ne vom baza pe una dintre urm\u0103toarele condi\u021bii de prelucrare:<\/p>\n<ul>\n<li class=\"p4\">Executarea unui contract: aceasta este situa\u021bia \u00een care prelucrarea informa\u021biilor dvs. personale este necesar\u0103 pentru a ne \u00eendeplini obliga\u021biile conform unui contract;<\/li>\n<li class=\"p4\">Obliga\u021bie legal\u0103: aceasta este situa\u021bia \u00een care suntem obliga\u021bi s\u0103 prelucr\u0103m informa\u021biile dvs. personale pentru a respecta o obliga\u021bie legal\u0103, cum ar fi p\u0103strarea \u00eenregistr\u0103rilor pentru scopuri fiscale sau furnizarea de informa\u021bii unei autorit\u0103\u021bi publice sau unei agen\u021bii de aplicare a legii;<\/li>\n<li class=\"p4\">Interese legitime: vom prelucra informa\u021biile despre dvs. atunci c\u00e2nd este \u00een interesul nostru legitim de a desf\u0103\u0219ura o afacere legal\u0103, pentru a ne atinge obiectivele, at\u00e2ta timp c\u00e2t acestea nu prevaleaz\u0103 asupra intereselor dvs.; sau<\/li>\n<li class=\"p4\">Consim\u021b\u0103m\u00e2ntul dvs.: \u00een unele cazuri, v\u0103 vom cere permisiunea specific\u0103 de a prelucra anumite informa\u021bii personale, \u0219i vom prelucra aceste informa\u021bii doar dac\u0103 sunte\u021bi de acord cu aceasta. V\u0103 pute\u021bi retrage consim\u021b\u0103m\u00e2ntul \u00een orice moment contact\u00e2nd <b>TAGPROMO<\/b> la <b>dpo@tagpromo.agency<\/b>.<\/li>\n<\/ul>\n<p class=\"p3\">Exemple de \u201cinterese legitime\u201d men\u021bionate mai sus includ:<\/p>\n<ul>\n<li class=\"p4\">Oferirea de informa\u021bii \u0219i\/sau servicii persoanelor care viziteaz\u0103 site-ul nostru sau oferirea de informa\u021bii despre oportunit\u0103\u021bi de angajare;<\/li>\n<li class=\"p4\">Prevenirea fraudelor sau a activit\u0103\u021bilor criminale \u0219i protejarea sistemelor noastre IT;<\/li>\n<li class=\"p4\">Personalizarea experien\u021bei online a individului \u0219i \u00eembun\u0103t\u0103\u021birea performan\u021bei, utilizabilit\u0103\u021bii \u0219i eficien\u021bei prezen\u021bei online a <b>TAGPROMO<\/b>;<\/li>\n<li class=\"p4\">Desf\u0103\u0219urarea \u0219i analiza activit\u0103\u021bilor noastre de marketing;<\/li>\n<li class=\"p4\">Respectarea obliga\u021biilor noastre corporative \u0219i de responsabilitate social\u0103;<\/li>\n<li class=\"p4\">Exersarea drepturilor noastre fundamentale \u00een UE conform articolelor 16 \u0219i 17 din Carta Drepturilor Fundamentale, inclusiv libertatea noastr\u0103 de a desf\u0103\u0219ura o afacere \u0219i dreptul la proprietate.<\/li>\n<\/ul>\n<h3 class=\"p1\"><span style=\"color: #ffffff;\"><b>Pl\u00e2ngeri<\/b><\/span><b><\/b><\/h3>\n<p class=\"p3\">Dac\u0103 sunte\u021bi \u00eengrijorat cu privire la o presupus\u0103 \u00eenc\u0103lcare a legii privind confiden\u021bialitatea sau a oric\u0103rei alte reglement\u0103ri de c\u0103tre <b>TAGPROMO<\/b>, ne pute\u021bi contacta la <b>dpo@tagpromo.agency<\/b>. Un reprezentant <b>TAGPROMO<\/b> va investiga pl\u00e2ngerea dvs. \u0219i v\u0103 va oferi informa\u021bii despre modul \u00een care aceasta va fi tratat\u0103.<\/p>\n<p class=\"p3\">De asemenea, ave\u021bi dreptul de a depune o pl\u00e2ngere la autoritatea de protec\u021bie a datelor din \u021bara dvs. sau de a sesiza problema \u00een fa\u021ba unei instan\u021be de jurisdic\u021bie competent\u0103 sau conform celor specificate \u00een orice acord de colaborare aplicabil cu <b>TAGPROMO<\/b>.<\/p>\n<h3 class=\"p1\"><span style=\"color: #ffffff;\"><b>Transferul datelor cu caracter personal<\/b><\/span><b><\/b><\/h3>\n<p class=\"p3\">Datele dvs. cu caracter personal pot fi transferate \u0219i stocate \u00een afara \u021b\u0103rii \u00een care v\u0103 afla\u021bi. Acest lucru include \u021b\u0103ri din afara Spa\u021biului Economic European (SEE) \u0219i \u021b\u0103ri cu legi care nu au fost neap\u0103rat determinate s\u0103 ofere un nivel adecvat de protec\u021bie pentru prelucrarea datelor cu caracter personal conform legisla\u021biei UE sau a altor jurisdic\u021bii.<\/p>\n<p class=\"p3\">Lu\u0103m m\u0103suri de precau\u021bie adecvate de securitate \u0219i juridice pentru a proteja siguran\u021ba \u0219i integritatea datelor cu caracter personal care sunt transferate \u00een cadrul organiza\u021biei <b>TAGPROMO<\/b>.<\/p>\n<h3 class=\"p1\"><span style=\"color: #ffffff;\"><b>Alte dezv\u0103luiri<\/b><\/span><b><\/b><\/h3>\n<p class=\"p3\"><b>TAGPROMO<\/b> poate dezv\u0103lui datele dvs. cu caracter personal:<\/p>\n<ul>\n<li class=\"p4\">Acolo unde este necesar \u00een scopurile descrise \u00een sec\u021biunea \u201cScopurile pentru care prelucr\u0103m datele cu caracter personal\u201d, inclusiv \u00een cadrul organiza\u021biei <b>TAGPROMO<\/b>;<\/li>\n<li class=\"p4\">Dac\u0103 este necesar, conform legisla\u021biei aplicabile;<\/li>\n<li class=\"p4\">\u00cen leg\u0103tur\u0103 cu o reorganizare sau fuziune a organiza\u021biei noastre cu o alt\u0103 organiza\u021bie;<\/li>\n<li class=\"p4\">Dac\u0103 consider\u0103m c\u0103 o astfel de dezv\u0103luire este necesar\u0103 pentru a aplica sau a pune \u00een aplicare termenii de colaborare \u0219i alte acorduri, sau pentru a proteja \u0219i ap\u0103ra drepturile, proprietatea sau siguran\u021ba <b>TAGPROMO<\/b>;<\/li>\n<li class=\"p4\">Pentru a respecta o procedur\u0103 judiciar\u0103, o ordonan\u021b\u0103 judec\u0103toreasc\u0103 sau o alt\u0103 obliga\u021bie legal\u0103, sau o anchet\u0103 a unui organism de reglementare sau guvernamental;<\/li>\n<li class=\"p4\">Cu consim\u021b\u0103m\u00e2ntul dvs.<\/li>\n<\/ul>\n<p>Destinatarii ter\u021bi ai datelor cu caracter personal includ:<\/p>\n<ul>\n<li class=\"p4\">Consilieri profesioni\u0219ti, cum ar fi firme de avocatur\u0103, consilieri fiscali sau auditori;<\/li>\n<li class=\"p4\">Organisme de reglementare \u0219i alte organisme profesionale;<\/li>\n<li class=\"p4\">Registre publice ale directorilor de companii \u0219i ac\u021biunilor de\u021binute;<\/li>\n<li class=\"p4\">Furnizori de servicii de verificare a identit\u0103\u021bii;<\/li>\n<li class=\"p4\">Instan\u021bele de judecat\u0103, poli\u021bia \u0219i agen\u021biile de aplicare a legii;<\/li>\n<li class=\"p4\">Departamente \u0219i agen\u021bii guvernamentale;<\/li>\n<li class=\"p4\">Furnizori de servicii;<\/li>\n<li class=\"p4\">Furnizori de suport.<\/li>\n<\/ul>\n<h3 class=\"p1\"><span style=\"color: #ffffff;\"><b>Securitate<\/b><\/span><b><\/b><\/h3>\n<p class=\"p3\"><b>TAGPROMO<\/b> protejeaz\u0103 confiden\u021bialitatea \u0219i securitatea informa\u021biilor ob\u021binute \u00een cursul desf\u0103\u0219ur\u0103rii afacerii sale. Accesul la astfel de informa\u021bii este limitat, iar politicile \u0219i procedurile sunt \u00een vigoare pentru a proteja informa\u021biile de pierderi, utilizare gre\u0219it\u0103 \u0219i dezv\u0103luiri necorespunz\u0103toare.<\/p>\n<p class=\"p3\"><b>TAGPROMO<\/b> dispune de politici \u0219i proceduri rezonabile de securitate pentru a proteja informa\u021biile personale \u00eempotriva pierderilor neautorizate, utiliz\u0103rii gre\u0219ite, alter\u0103rii sau distrugerii. \u00cen ciuda celor mai bune eforturi ale <b>TAGPROMO<\/b>, securitatea nu poate fi garantat\u0103 absolut \u00eempotriva tuturor amenin\u021b\u0103rilor. \u00cen m\u0103sura posibilului, accesul la informa\u021biile dvs. personale este limitat la cei care au nevoie s\u0103 le cunoasc\u0103. Persoanele care au acces la date sunt obligate s\u0103 men\u021bin\u0103 confiden\u021bialitatea acestor informa\u021bii.<\/p>\n<p class=\"p3\">Pentru a v\u0103 proteja datele, am adoptat m\u0103suri tehnice \u0219i organizatorice, \u00een special \u00eempotriva pierderilor, manipul\u0103rii sau accesului neautorizat. M\u0103surile adoptate sunt verificate \u00een mod regulat \u0219i sunt adaptate constant \u00een conformitate cu cele mai recente standarde tehnice aplicabile.<\/p>\n<p class=\"p1\"><b>Men\u021binerea datelor dvs. personale actualizate<\/b><b><\/b><\/p>\n<p class=\"p3\">Men\u021binem exactitatea \u0219i completitudinea datelor cu caracter personal pe care le de\u021binem. Este important s\u0103 ne informa\u021bi cu privire la orice actualiz\u0103ri ale detaliilor dvs. de contact sau ale altor date cu caracter personal, astfel \u00eenc\u00e2t s\u0103 avem cele mai recente informa\u021bii despre dvs.<\/p>\n<h3 class=\"p1\"><span style=\"color: #ffffff;\"><b>P\u0103strarea datelor<\/b><\/span><b><\/b><\/h3>\n<p class=\"p3\">Politica noastr\u0103 este s\u0103 p\u0103str\u0103m datele cu caracter personal doar at\u00e2t timp c\u00e2t este necesar pentru scopurile descrise \u00een sec\u021biunea \u201eScopurile pentru care prelucr\u0103m datele cu caracter personal.\u201d Re\u021bine\u021bi c\u0103 perioadele de p\u0103strare variaz\u0103 \u00een func\u021bie de jurisdic\u021bie \u0219i sunt stabilite \u00een conformitate cu cerin\u021bele locale de reglementare \u0219i de p\u0103strare profesional\u0103.<\/p>\n<p class=\"p3\">Pentru a \u00eendeplini cerin\u021bele noastre profesionale \u0219i legale, pentru a ne exercita, ap\u0103ra sau stabili drepturile noastre legale \u0219i \u00een scopuri de arhivare \u0219i istorice, este necesar s\u0103 p\u0103str\u0103m informa\u021bii pentru perioade semnificative de timp.<\/p>\n<h3 class=\"p1\"><span style=\"color: #ffffff;\"><b>Minori<\/b><\/span><b><\/b><\/h3>\n<p class=\"p3\">Site-ul nostru nu este destinat utiliz\u0103rii de c\u0103tre minori sub v\u00e2rsta de \u0219aisprezece (16) ani. <b>TAGPROMO<\/b> nu colecteaz\u0103, divulg\u0103 sau vinde \u00een mod inten\u021bionat datele cu caracter personal ale minorilor sub 16 ani. Dac\u0103 ave\u021bi sub 16 ani, v\u0103 rug\u0103m s\u0103 nu furniza\u021bi date cu caracter personal, chiar dac\u0103 vi se solicit\u0103 s\u0103 face\u021bi acest lucru. Dac\u0103 crede\u021bi c\u0103 a\u021bi furnizat accidental date cu caracter personal, v\u0103 rug\u0103m s\u0103 solicita\u021bi p\u0103rin\u021bilor sau tutorelui dvs. legal s\u0103 ne notifice \u0219i vom \u0219terge datele dvs. personale.<\/p>\n<h3 class=\"p1\"><span style=\"color: #ffffff;\"><b>Modific\u0103ri ale acestei notific\u0103ri de confiden\u021bialitate<\/b><\/span><b><\/b><\/h3>\n<p class=\"p3\">Ocazional, vom actualiza aceast\u0103 notificare de confiden\u021bialitate pentru a reflecta schimb\u0103rile din practicile \u0219i serviciile noastre. C\u00e2nd vom publica modific\u0103ri la aceast\u0103 notificare de confiden\u021bialitate, vom revizui data \u201eultimei actualiz\u0103ri\u201d din partea superioar\u0103 a acestei notific\u0103ri. Dac\u0103 facem modific\u0103ri semnificative \u00een modul \u00een care colect\u0103m, utiliz\u0103m \u0219i partaj\u0103m datele cu caracter personal, v\u0103 vom notifica prin publicarea \u00een mod proeminent a unei notific\u0103ri despre schimb\u0103ri pe site-ul nostru. V\u0103 recomand\u0103m s\u0103 verifica\u021bi periodic aceast\u0103 pagin\u0103 pentru a v\u0103 informa cu privire la orice modific\u0103ri ale acestei notific\u0103ri de confiden\u021bialitate.<\/p>\n<h3 class=\"p1\"><span style=\"color: #ffffff;\"><b>\u00centreb\u0103ri privind politica \u0219i aplicarea acesteia<\/b><\/span><b><\/b><\/h3>\n<p class=\"p3\"><b>TAGPROMO<\/b> se angajeaz\u0103 s\u0103 protejeze confiden\u021bialitatea informa\u021biilor dvs. personale. Dac\u0103 ave\u021bi \u00eentreb\u0103ri sau comentarii despre modul nostru de gestionare a informa\u021biilor dvs. personale, v\u0103 rug\u0103m s\u0103 ne contacta\u021bi la <b>dpo@tagpromo.agency<\/b>. De asemenea, pute\u021bi folosi aceast\u0103 adres\u0103 pentru a comunica orice \u00eengrijor\u0103ri legate de conformitatea cu Declara\u021bia noastr\u0103 de confiden\u021bialitate.<\/p>\n<p class=\"p3\">Dac\u0103 nu sunte\u021bi mul\u021bumit de r\u0103spunsul pe care \u00eel primi\u021bi, pute\u021bi depune o pl\u00e2ngere la Autoritatea Na\u021bional\u0103 de Supraveghere a Prelucr\u0103rii Datelor cu Caracter Personal la urm\u0103toarele date de contact:<\/p>\n<p class=\"p3\"><b>Autoritatea Na\u021bional\u0103 de Supraveghere a Prelucr\u0103rii Datelor cu Caracter Personal<\/b><b><\/b><\/p>\n<p class=\"p3\">28-30 Bld. G-ral Gheorghe Magheru, Sector 1,<br \/>Cod po\u0219tal 010336, Bucure\u0219ti, Rom\u00e2nia<\/p>\n<p class=\"p3\">Email: <b>anspdcp@dataprotection.ro<br \/><\/b>Num\u0103r de telefon: <b>+40.318.059.211<br \/><\/b>Website: <a href=\"https:\/\/www.dataprotection.ro\/\" target=\"_blank\" rel=\"noopener\"><b>https:\/\/www.dataprotection.ro\/<\/b><\/a><\/p>\t\t\t\t\t<\/div>\n\t\t\t\t\t\t<\/div>\n\t\t\t\t<\/div>\n\t\t\t\t\t\t<\/div>\n\t\t\t\t\t<\/div>\n\t\t<\/div>\n\t\t\t\t\t\t\t\t<\/div>\n\t\t\t\t\t<\/div>\n\t\t<\/section>\n\t\t\t\t\t\t\t\t\t<\/div>\n\t\t\t<\/div>\n\t\t\t\t\t<\/div>\n\t\t","protected":false},"excerpt":{"rendered":"<p>Introducere Aceast\u0103 notificare de confiden\u021bialitate explic\u0103 modul \u00een care TAGPROMO colecteaz\u0103 \u0219i utilizeaz\u0103 datele cu caracter personal \u0219i descrie drepturile pe care le ave\u021bi \u00een leg\u0103tur\u0103 cu datele dvs. personale. \u00cen aceast\u0103 notificare, termenii \u201cTAGPROMO\u201d, \u201cal nostru\u201d, \u201cnoi\u201d sau \u201cpe noi\u201d se refer\u0103 la TRADE ACTIVATION GROUP SRL. TAGPROMO proceseaz\u0103 date cu caracter personal \u00een [&hellip;]<\/p>\n","protected":false},"author":1,"featured_media":0,"parent":0,"menu_order":0,"comment_status":"closed","ping_status":"closed","template":"","meta":[],"_links":{"self":[{"href":"https:\/\/tagpromo.agency\/ro\/wp-json\/wp\/v2\/pages\/2254"}],"collection":[{"href":"https:\/\/tagpromo.agency\/ro\/wp-json\/wp\/v2\/pages"}],"about":[{"href":"https:\/\/tagpromo.agency\/ro\/wp-json\/wp\/v2\/types\/page"}],"author":[{"embeddable":true,"href":"https:\/\/tagpromo.agency\/ro\/wp-json\/wp\/v2\/users\/1"}],"replies":[{"embeddable":true,"href":"https:\/\/tagpromo.agency\/ro\/wp-json\/wp\/v2\/comments?post=2254"}],"version-history":[{"count":4,"href":"https:\/\/tagpromo.agency\/ro\/wp-json\/wp\/v2\/pages\/2254\/revisions"}],"predecessor-version":[{"id":3733,"href":"https:\/\/tagpromo.agency\/ro\/wp-json\/wp\/v2\/pages\/2254\/revisions\/3733"}],"wp:attachment":[{"href":"https:\/\/tagpromo.agency\/ro\/wp-json\/wp\/v2\/media?parent=2254"}],"curies":[{"name":"wp","href":"https:\/\/api.w.org\/{rel}","templated":true}]}}